{"id":112,"date":"2022-10-15T06:39:59","date_gmt":"2022-10-15T13:39:59","guid":{"rendered":"http:\/\/www1.bahampromotion.com\/?page_id=112"},"modified":"2025-05-15T16:34:57","modified_gmt":"2025-05-15T23:34:57","slug":"representation-of-national-and-foreign-companies-and-entities","status":"publish","type":"page","link":"https:\/\/bahampromotion.com\/?page_id=112","title":{"rendered":"Qui\u00e9nes Somos"},"content":{"rendered":"\n<hr class=\"wp-block-separator has-alpha-channel-opacity\"\/>\n\n\n\n<hr class=\"wp-block-separator has-alpha-channel-opacity\"\/>\n\n\n\n<p><strong>BaHaM Promotion<\/strong> es una empresa especializada en <strong>consultor\u00eda, representaci\u00f3n y marketing<\/strong> con presencia activa en toda <strong>Am\u00e9rica Latina<\/strong>. Nos dedicamos a fortalecer la visibilidad y el posicionamiento de empresas, destinos y productos, tanto a nivel nacional como internacional.<\/p>\n\n\n\n<p>Contamos con un equipo de profesionales con amplia experiencia en <strong>representaci\u00f3n internacional<\/strong>, as\u00ed como en <strong>estrategias de marketing y ventas<\/strong>, lo que nos permite ofrecer un enfoque integral y resultados efectivos.<\/p>\n\n\n\n<p>Reunidos bajo el nombre de <strong>BaHaM Promotion<\/strong>, brindamos a nuestros representados soluciones creativas, eficientes y responsables, orientadas a impulsar sus objetivos comerciales y consolidar su presencia en mercados estrat\u00e9gicos.<\/p>\n\n\n\n<hr class=\"wp-block-separator has-alpha-channel-opacity\"\/>\n\n\n\n<h3 class=\"wp-block-heading\"><strong>Nuestro enfoque<\/strong><\/h3>\n\n\n\n<p>Estamos comprometidos con la promoci\u00f3n <strong>tur\u00edstica, cultural y de marca<\/strong>, integrando herramientas de marketing, comunicaci\u00f3n y producci\u00f3n de contenidos para conectar con p\u00fablicos diversos y generar un impacto positivo y duradero.<\/p>\n\n\n\n<p>Aplicamos estrategias personalizadas, ajustadas a las caracter\u00edsticas de cada proyecto y al perfil del mercado al que se dirige, siempre con una visi\u00f3n profesional, creativa y con sentido social.<\/p>\n\n\n\n<hr class=\"wp-block-separator has-alpha-channel-opacity\"\/>\n\n\n\n<h3 class=\"wp-block-heading\"><strong>\u00bfQu\u00e9 hacemos?<\/strong><\/h3>\n\n\n\n<h4 class=\"wp-block-heading\">\ud83c\udf0d <strong>Promoci\u00f3n tur\u00edstica<\/strong><\/h4>\n\n\n\n<p>Dise\u00f1amos y ejecutamos campa\u00f1as de difusi\u00f3n para destinos, rutas y productos tur\u00edsticos, en medios digitales y tradicionales.<\/p>\n\n\n\n<h4 class=\"wp-block-heading\">\ud83c\udfad <strong>Proyectos culturales<\/strong><\/h4>\n\n\n\n<p>Apoyamos iniciativas art\u00edsticas, patrimoniales y comunitarias mediante estrategias de visibilidad, participaci\u00f3n y sostenibilidad.<\/p>\n\n\n\n<h4 class=\"wp-block-heading\">\ud83c\udfaf <strong>Posicionamiento de marca<\/strong><\/h4>\n\n\n\n<p>Fortalecemos la imagen de instituciones, empresas y productos a trav\u00e9s de branding, identidad visual y comunicaci\u00f3n efectiva.<\/p>\n\n\n\n<h4 class=\"wp-block-heading\">\ud83c\udfa5 <strong>Producci\u00f3n multimedia<\/strong><\/h4>\n\n\n\n<p>Creamos contenidos audiovisuales, gr\u00e1ficos y editoriales que reflejan el valor, la esencia y la identidad de cada propuesta.<\/p>\n\n\n\n<h4 class=\"wp-block-heading\">\ud83d\udcc5 <strong>Eventos y activaciones<\/strong><\/h4>\n\n\n\n<p>Organizamos ferias, exposiciones, conferencias y campa\u00f1as con impacto cultural, tur\u00edstico y comercial.<\/p>\n\n\n\n<h4 class=\"wp-block-heading\">\ud83d\udcac <strong>Consultor\u00eda en comunicaci\u00f3n<\/strong><\/h4>\n\n\n\n<p>Brindamos asesor\u00eda especializada en imagen institucional, contenido y estrategias de difusi\u00f3n, tanto para el sector p\u00fablico como privado.<\/p>\n\n\n\n<hr class=\"wp-block-separator has-alpha-channel-opacity\"\/>\n\n\n\n<h3 class=\"wp-block-heading\"><strong>Nuestro prop\u00f3sito<\/strong><\/h3>\n\n\n\n<p>En <strong>BaHaM Promotion<\/strong> creemos en el poder de las historias que inspiran, de la cultura que une y del turismo que transforma. Trabajamos para dar visibilidad a lo aut\u00e9ntico, impulsar lo local y proyectar marcas con prop\u00f3sito.<\/p>\n\n\n\n<hr class=\"wp-block-separator has-alpha-channel-opacity\"\/>\n\n\n\n<hr class=\"wp-block-separator has-alpha-channel-opacity\"\/>\n","protected":false},"excerpt":{"rendered":"<p>BaHaM Promotion es una empresa especializada en consultor\u00eda, representaci\u00f3n y marketing con presencia activa en toda Am\u00e9rica Latina. Nos dedicamos a fortalecer la visibilidad y el posicionamiento de empresas, destinos y productos, tanto a nivel nacional como internacional. Contamos con un equipo de profesionales con amplia experiencia en representaci\u00f3n internacional, as\u00ed como en estrategias de [&hellip;]<\/p>\n","protected":false},"author":1,"featured_media":0,"parent":0,"menu_order":0,"comment_status":"closed","ping_status":"closed","template":"","meta":{"pgc_sgb_lightbox_settings":"","footnotes":""},"class_list":["post-112","page","type-page","status-publish","hentry"],"blocksy_meta":[],"_links":{"self":[{"href":"https:\/\/bahampromotion.com\/index.php?rest_route=\/wp\/v2\/pages\/112","targetHints":{"allow":["GET"]}}],"collection":[{"href":"https:\/\/bahampromotion.com\/index.php?rest_route=\/wp\/v2\/pages"}],"about":[{"href":"https:\/\/bahampromotion.com\/index.php?rest_route=\/wp\/v2\/types\/page"}],"author":[{"embeddable":true,"href":"https:\/\/bahampromotion.com\/index.php?rest_route=\/wp\/v2\/users\/1"}],"replies":[{"embeddable":true,"href":"https:\/\/bahampromotion.com\/index.php?rest_route=%2Fwp%2Fv2%2Fcomments&post=112"}],"version-history":[{"count":7,"href":"https:\/\/bahampromotion.com\/index.php?rest_route=\/wp\/v2\/pages\/112\/revisions"}],"predecessor-version":[{"id":1054,"href":"https:\/\/bahampromotion.com\/index.php?rest_route=\/wp\/v2\/pages\/112\/revisions\/1054"}],"wp:attachment":[{"href":"https:\/\/bahampromotion.com\/index.php?rest_route=%2Fwp%2Fv2%2Fmedia&parent=112"}],"curies":[{"name":"wp","href":"https:\/\/api.w.org\/{rel}","templated":true}]}}